{"id":1951,"date":"2025-03-12T19:04:05","date_gmt":"2025-03-12T19:04:05","guid":{"rendered":"https:\/\/paizer.ca\/reservation\/"},"modified":"2025-03-26T03:54:15","modified_gmt":"2025-03-26T03:54:15","slug":"reservation","status":"publish","type":"page","link":"https:\/\/paizer.ca\/fr\/reservation\/","title":{"rendered":"R\u00e9servation"},"content":{"rendered":"\t\t<div data-elementor-type=\"wp-page\" data-elementor-id=\"1951\" class=\"elementor elementor-1951 elementor-1483\">\n\t\t\t\t<div data-uael-partstyle=\"nasa\" data-uael-partcolor=\"\" data-uael-partopacity=\"\" data-uael-partdirection=\"bottom\" class=\"elementor-element elementor-element-40a40b6 uael-particle-yes e-flex e-con-boxed uael-particle-adv-no e-con e-parent\" data-id=\"40a40b6\" data-element_type=\"container\" data-e-type=\"container\" data-settings=\"{&quot;background_background&quot;:&quot;gradient&quot;}\">\n\t\t\t\t\t<div class=\"e-con-inner\">\n\t\t<div class=\"elementor-element elementor-element-51efe4d e-con-full e-flex e-con e-child\" data-id=\"51efe4d\" data-element_type=\"container\" data-e-type=\"container\">\n\t\t\t\t<div class=\"elementor-element elementor-element-171cc0e elementor-widget elementor-widget-spacer\" data-id=\"171cc0e\" data-element_type=\"widget\" data-e-type=\"widget\" data-widget_type=\"spacer.default\">\n\t\t\t\t<div class=\"elementor-widget-container\">\n\t\t\t\t\t\t\t<div class=\"elementor-spacer\">\n\t\t\t<div class=\"elementor-spacer-inner\"><\/div>\n\t\t<\/div>\n\t\t\t\t\t\t<\/div>\n\t\t\t\t<\/div>\n\t\t\t\t<div class=\"elementor-element elementor-element-07c4a62 elementor-widget elementor-widget-heading\" data-id=\"07c4a62\" data-element_type=\"widget\" data-e-type=\"widget\" data-widget_type=\"heading.default\">\n\t\t\t\t<div class=\"elementor-widget-container\">\n\t\t\t\t\t<h1 class=\"elementor-heading-title elementor-size-default\">Nous sommes l\u00e0 pour vous.<\/h1>\t\t\t\t<\/div>\n\t\t\t\t<\/div>\n\t\t\t\t<div class=\"elementor-element elementor-element-597ef21 elementor-widget elementor-widget-text-editor\" data-id=\"597ef21\" data-element_type=\"widget\" data-e-type=\"widget\" data-widget_type=\"text-editor.default\">\n\t\t\t\t<div class=\"elementor-widget-container\">\n\t\t\t\t\t\t\t\t\t<h3 style=\"color:white\">PRENEZ RENDEZ-VOUS<\/h3>\t\t\t\t\t\t\t\t<\/div>\n\t\t\t\t<\/div>\n\t\t\t\t<\/div>\n\t\t\t\t\t<\/div>\n\t\t\t\t<\/div>\n\t\t<div class=\"elementor-element elementor-element-d54ea2e e-flex e-con-boxed e-con e-parent\" data-id=\"d54ea2e\" data-element_type=\"container\" data-e-type=\"container\">\n\t\t\t\t\t<div class=\"e-con-inner\">\n\t\t<div class=\"elementor-element elementor-element-2a93307 e-con-full e-flex e-con e-child\" data-id=\"2a93307\" data-element_type=\"container\" data-e-type=\"container\" data-settings=\"{&quot;background_background&quot;:&quot;classic&quot;}\">\n\t\t\t\t<div class=\"elementor-element elementor-element-2db969d elementor-widget__width-initial elementor-widget elementor-widget-html\" data-id=\"2db969d\" data-element_type=\"widget\" data-e-type=\"widget\" data-widget_type=\"html.default\">\n\t\t\t\t<div class=\"elementor-widget-container\">\n\t\t\t\t\t\n\n    <style>.container {\n            max-width: 800px;\n            margin: 50px auto;\n            padding: 20px;\n            background: white;\n            border-radius: 10px;\n            box-shadow: 0 4px 10px rgba(0, 0, 0, 0.1);\n           \n        }\n        .image-section img {\n            max-width: 100%;\n            height: auto;\n        }\n        h1 {\n            font-size: 10px;\n            font-weight: bold;\n            color: #2c3e50;\n        }\n        h1 span {\n            color:  #3AA6B9;\n        }\n        .steps {\n            text-align: left;\n            margin-top: 20px;\n        }\n        .step {\n            display: flex;\n            align-items: flex-start;\n            margin-bottom: 15px;\n        }\n        .step-number {\n            font-size: 18px;\n            font-weight: bold;\n            background:  #3AA6B9;\n            color: white;\n            width: 30px;\n            height: 30px;\n            display: flex;\n            justify-content: center;\n            align-items: center;\n            border-radius: 50%;\n            margin-right: 10px;\n        }\n        .step-content {\n            flex: 1;\n        }\n        .step-title {\n            font-weight: bold;\n            color: #2c3e50;\n        }\n        .step-description {\n            color: #666;\n        }\n    <\/style><\/head><body><div class=\"container\"><div class=\"image-section\"><img decoding=\"async\" src=\"https:\/\/paizer.ca\/wp-content\/uploads\/2025\/03\/1.webp\" alt=\"Laptop and Payment Terminal\"><\/div><h1 style=\"font-size:31.1px\">Cr\u00e9ez votre <span>compte<\/span> Paizer gratuitement<\/h1><p>Planifiez un appel avec notre \u00e9quipe ci-dessous\n<\/p><div class=\"steps\"><div class=\"step\"><div class=\"step-number\">1<\/div><div class=\"step-content\"><div class=\"step-title\">Parlez-nous de votre entreprise<\/div><div class=\"step-description\">Les bases de votre activit\u00e9.\n<\/div><\/div><\/div><div class=\"step\"><div class=\"step-number\">2<\/div><div class=\"step-content\"><div class=\"step-title\">Vos besoins de traitement <\/div><div class=\"step-description\">Comment vous pr\u00e9voyez d'utiliser Paizer \u2014 et les aspects fiscaux.<\/div><\/div><\/div><div class=\"step\"><div class=\"step-number\">3<\/div><div class=\"step-content\"><div class=\"step-title\">Quelques mots sur vous<\/div><div class=\"step-description\">V\u00e9rifiez votre identit\u00e9 et le tour est jou\u00e9 !<\/div><\/div><\/div><\/div><\/div>\t\t\t\t<\/div>\n\t\t\t\t<\/div>\n\t\t\t\t<\/div>\n\t\t<div class=\"elementor-element elementor-element-a6aeb18 e-con-full e-flex e-con e-child\" data-id=\"a6aeb18\" data-element_type=\"container\" data-e-type=\"container\">\n\t\t\t\t<div class=\"elementor-element elementor-element-c118210 elementor-widget elementor-widget-html\" data-id=\"c118210\" data-element_type=\"widget\" data-e-type=\"widget\" data-widget_type=\"html.default\">\n\t\t\t\t<div class=\"elementor-widget-container\">\n\t\t\t\t\t<div class=\"calendly-inline-widget\" data-url=\"https:\/\/calendly.com\/paizer\/free-quote?hide_event_type_details=1&amp;hide_gdpr_banner=1&amp;primary_color=00819b\" style=\"position: relative;min-width:auto; height: 700px;\" data-processed=\"true\"><div class=\"calendly-spinner\"><div class=\"calendly-bounce1\"><\/div><div class=\"calendly-bounce2\"><\/div><div class=\"calendly-bounce3\"><\/div><\/div><iframe src=\"https:\/\/calendly.com\/paizer\/free-quote?embed_domain=paizer.ca&amp;embed_type=Inline&amp;hide_event_type_details=1&amp;hide_gdpr_banner=1&amp;primary_color=00819b\" width=\"100%\" height=\"100%\" frameborder=\"0\" title=\"S\u00e9lectionnez une date et une heure - Calendly\"><\/iframe><\/div>\t\t\t\t<\/div>\n\t\t\t\t<\/div>\n\t\t\t\t<\/div>\n\t\t\t\t\t<\/div>\n\t\t\t\t<\/div>\n\t\t\t\t<\/div>\n\t\t","protected":false},"excerpt":{"rendered":"<p>Nous sommes l\u00e0 pour vous. PRENEZ RENDEZ-VOUS Cr\u00e9ez votre compte Paizer gratuitement Planifiez un appel avec notre \u00e9quipe ci-dessous 1Parlez-nous de votre entrepriseLes bases de votre activit\u00e9. 2Vos besoins de traitement Comment vous pr\u00e9voyez d&rsquo;utiliser Paizer \u2014 et les aspects fiscaux.3Quelques mots sur vousV\u00e9rifiez votre identit\u00e9 et le tour est jou\u00e9 !<\/p>\n","protected":false},"author":1,"featured_media":0,"parent":0,"menu_order":0,"comment_status":"closed","ping_status":"closed","template":"","meta":{"_surecart_dashboard_logo_width":"180px","_surecart_dashboard_show_logo":true,"_surecart_dashboard_navigation_orders":true,"_surecart_dashboard_navigation_invoices":true,"_surecart_dashboard_navigation_subscriptions":true,"_surecart_dashboard_navigation_downloads":true,"_surecart_dashboard_navigation_billing":true,"_surecart_dashboard_navigation_account":true,"inline_featured_image":false,"site-sidebar-layout":"no-sidebar","site-content-layout":"page-builder","ast-site-content-layout":"default","site-content-style":"default","site-sidebar-style":"default","ast-global-header-display":"","ast-banner-title-visibility":"","ast-main-header-display":"","ast-hfb-above-header-display":"","ast-hfb-below-header-display":"","ast-hfb-mobile-header-display":"","site-post-title":"disabled","ast-breadcrumbs-content":"","ast-featured-img":"disabled","footer-sml-layout":"","ast-disable-related-posts":"","theme-transparent-header-meta":"","adv-header-id-meta":"","stick-header-meta":"","header-above-stick-meta":"","header-main-stick-meta":"","header-below-stick-meta":"","astra-migrate-meta-layouts":"default","ast-page-background-enabled":"default","ast-page-background-meta":{"desktop":{"background-color":"var(--ast-global-color-4)","background-image":"","background-repeat":"repeat","background-position":"center center","background-size":"auto","background-attachment":"scroll","background-type":"","background-media":"","overlay-type":"","overlay-color":"","overlay-opacity":"","overlay-gradient":""},"tablet":{"background-color":"","background-image":"","background-repeat":"repeat","background-position":"center center","background-size":"auto","background-attachment":"scroll","background-type":"","background-media":"","overlay-type":"","overlay-color":"","overlay-opacity":"","overlay-gradient":""},"mobile":{"background-color":"","background-image":"","background-repeat":"repeat","background-position":"center center","background-size":"auto","background-attachment":"scroll","background-type":"","background-media":"","overlay-type":"","overlay-color":"","overlay-opacity":"","overlay-gradient":""}},"ast-content-background-meta":{"desktop":{"background-color":"var(--ast-global-color-5)","background-image":"","background-repeat":"repeat","background-position":"center center","background-size":"auto","background-attachment":"scroll","background-type":"","background-media":"","overlay-type":"","overlay-color":"","overlay-opacity":"","overlay-gradient":""},"tablet":{"background-color":"var(--ast-global-color-5)","background-image":"","background-repeat":"repeat","background-position":"center center","background-size":"auto","background-attachment":"scroll","background-type":"","background-media":"","overlay-type":"","overlay-color":"","overlay-opacity":"","overlay-gradient":""},"mobile":{"background-color":"var(--ast-global-color-5)","background-image":"","background-repeat":"repeat","background-position":"center center","background-size":"auto","background-attachment":"scroll","background-type":"","background-media":"","overlay-type":"","overlay-color":"","overlay-opacity":"","overlay-gradient":""}},"footnotes":""},"class_list":["post-1951","page","type-page","status-publish","hentry"],"yoast_head":"<!-- This site is optimized with the Yoast SEO plugin v27.2 - https:\/\/yoast.com\/product\/yoast-seo-wordpress\/ -->\n<title>R\u00e9servation - Home | Paizer.ca<\/title>\n<meta name=\"robots\" content=\"index, follow, max-snippet:-1, max-image-preview:large, max-video-preview:-1\" \/>\n<link rel=\"canonical\" href=\"https:\/\/paizer.ca\/fr\/reservation\/\" \/>\n<meta property=\"og:locale\" content=\"fr_FR\" \/>\n<meta property=\"og:type\" content=\"article\" \/>\n<meta property=\"og:title\" content=\"R\u00e9servation - Home | Paizer.ca\" \/>\n<meta property=\"og:description\" content=\"Nous sommes l\u00e0 pour vous. PRENEZ RENDEZ-VOUS Cr\u00e9ez votre compte Paizer gratuitement Planifiez un appel avec notre \u00e9quipe ci-dessous 1Parlez-nous de votre entrepriseLes bases de votre activit\u00e9. 2Vos besoins de traitement Comment vous pr\u00e9voyez d&rsquo;utiliser Paizer \u2014 et les aspects fiscaux.3Quelques mots sur vousV\u00e9rifiez votre identit\u00e9 et le tour est jou\u00e9 !\" \/>\n<meta property=\"og:url\" content=\"https:\/\/paizer.ca\/fr\/reservation\/\" \/>\n<meta property=\"og:site_name\" content=\"Home | Paizer.ca\" \/>\n<meta property=\"article:modified_time\" content=\"2025-03-26T03:54:15+00:00\" \/>\n<meta property=\"og:image\" content=\"https:\/\/paizer.ca\/wp-content\/uploads\/2025\/03\/1.webp\" \/>\n<meta name=\"twitter:card\" content=\"summary_large_image\" \/>\n<script type=\"application\/ld+json\" class=\"yoast-schema-graph\">{\"@context\":\"https:\/\/schema.org\",\"@graph\":[{\"@type\":\"WebPage\",\"@id\":\"https:\/\/paizer.ca\/fr\/reservation\/\",\"url\":\"https:\/\/paizer.ca\/fr\/reservation\/\",\"name\":\"R\u00e9servation - Home | Paizer.ca\",\"isPartOf\":{\"@id\":\"https:\/\/paizer.ca\/#website\"},\"primaryImageOfPage\":{\"@id\":\"https:\/\/paizer.ca\/fr\/reservation\/#primaryimage\"},\"image\":{\"@id\":\"https:\/\/paizer.ca\/fr\/reservation\/#primaryimage\"},\"thumbnailUrl\":\"https:\/\/paizer.ca\/wp-content\/uploads\/2025\/03\/1.webp\",\"datePublished\":\"2025-03-12T19:04:05+00:00\",\"dateModified\":\"2025-03-26T03:54:15+00:00\",\"breadcrumb\":{\"@id\":\"https:\/\/paizer.ca\/fr\/reservation\/#breadcrumb\"},\"inLanguage\":\"fr-FR\",\"potentialAction\":[{\"@type\":\"ReadAction\",\"target\":[\"https:\/\/paizer.ca\/fr\/reservation\/\"]}]},{\"@type\":\"ImageObject\",\"inLanguage\":\"fr-FR\",\"@id\":\"https:\/\/paizer.ca\/fr\/reservation\/#primaryimage\",\"url\":\"https:\/\/paizer.ca\/wp-content\/uploads\/2025\/03\/1.webp\",\"contentUrl\":\"https:\/\/paizer.ca\/wp-content\/uploads\/2025\/03\/1.webp\"},{\"@type\":\"BreadcrumbList\",\"@id\":\"https:\/\/paizer.ca\/fr\/reservation\/#breadcrumb\",\"itemListElement\":[{\"@type\":\"ListItem\",\"position\":1,\"name\":\"Home\",\"item\":\"https:\/\/52.203.16.204\/fr\/\"},{\"@type\":\"ListItem\",\"position\":2,\"name\":\"R\u00e9servation\"}]},{\"@type\":\"WebSite\",\"@id\":\"https:\/\/paizer.ca\/#website\",\"url\":\"https:\/\/paizer.ca\/\",\"name\":\"Home | Paizer.ca\",\"description\":\"No Strings Attached: Your Trusted Canadian Choice for Affordable Payment Processing!\",\"publisher\":{\"@id\":\"https:\/\/paizer.ca\/#organization\"},\"potentialAction\":[{\"@type\":\"SearchAction\",\"target\":{\"@type\":\"EntryPoint\",\"urlTemplate\":\"https:\/\/paizer.ca\/?s={search_term_string}\"},\"query-input\":{\"@type\":\"PropertyValueSpecification\",\"valueRequired\":true,\"valueName\":\"search_term_string\"}}],\"inLanguage\":\"fr-FR\"},{\"@type\":\"Organization\",\"@id\":\"https:\/\/paizer.ca\/#organization\",\"name\":\"Home | Paizer.ca\",\"url\":\"https:\/\/paizer.ca\/\",\"logo\":{\"@type\":\"ImageObject\",\"inLanguage\":\"fr-FR\",\"@id\":\"https:\/\/paizer.ca\/#\/schema\/logo\/image\/\",\"url\":\"https:\/\/paizer.ca\/wp-content\/uploads\/2025\/03\/paizer-logo-french-1.png\",\"contentUrl\":\"https:\/\/paizer.ca\/wp-content\/uploads\/2025\/03\/paizer-logo-french-1.png\",\"width\":935,\"height\":723,\"caption\":\"Home | Paizer.ca\"},\"image\":{\"@id\":\"https:\/\/paizer.ca\/#\/schema\/logo\/image\/\"}}]}<\/script>\n<!-- \/ Yoast SEO plugin. -->","yoast_head_json":{"title":"R\u00e9servation - Home | Paizer.ca","robots":{"index":"index","follow":"follow","max-snippet":"max-snippet:-1","max-image-preview":"max-image-preview:large","max-video-preview":"max-video-preview:-1"},"canonical":"https:\/\/paizer.ca\/fr\/reservation\/","og_locale":"fr_FR","og_type":"article","og_title":"R\u00e9servation - Home | Paizer.ca","og_description":"Nous sommes l\u00e0 pour vous. PRENEZ RENDEZ-VOUS Cr\u00e9ez votre compte Paizer gratuitement Planifiez un appel avec notre \u00e9quipe ci-dessous 1Parlez-nous de votre entrepriseLes bases de votre activit\u00e9. 2Vos besoins de traitement Comment vous pr\u00e9voyez d&rsquo;utiliser Paizer \u2014 et les aspects fiscaux.3Quelques mots sur vousV\u00e9rifiez votre identit\u00e9 et le tour est jou\u00e9 !","og_url":"https:\/\/paizer.ca\/fr\/reservation\/","og_site_name":"Home | Paizer.ca","article_modified_time":"2025-03-26T03:54:15+00:00","og_image":[{"url":"https:\/\/paizer.ca\/wp-content\/uploads\/2025\/03\/1.webp","type":"","width":"","height":""}],"twitter_card":"summary_large_image","schema":{"@context":"https:\/\/schema.org","@graph":[{"@type":"WebPage","@id":"https:\/\/paizer.ca\/fr\/reservation\/","url":"https:\/\/paizer.ca\/fr\/reservation\/","name":"R\u00e9servation - Home | Paizer.ca","isPartOf":{"@id":"https:\/\/paizer.ca\/#website"},"primaryImageOfPage":{"@id":"https:\/\/paizer.ca\/fr\/reservation\/#primaryimage"},"image":{"@id":"https:\/\/paizer.ca\/fr\/reservation\/#primaryimage"},"thumbnailUrl":"https:\/\/paizer.ca\/wp-content\/uploads\/2025\/03\/1.webp","datePublished":"2025-03-12T19:04:05+00:00","dateModified":"2025-03-26T03:54:15+00:00","breadcrumb":{"@id":"https:\/\/paizer.ca\/fr\/reservation\/#breadcrumb"},"inLanguage":"fr-FR","potentialAction":[{"@type":"ReadAction","target":["https:\/\/paizer.ca\/fr\/reservation\/"]}]},{"@type":"ImageObject","inLanguage":"fr-FR","@id":"https:\/\/paizer.ca\/fr\/reservation\/#primaryimage","url":"https:\/\/paizer.ca\/wp-content\/uploads\/2025\/03\/1.webp","contentUrl":"https:\/\/paizer.ca\/wp-content\/uploads\/2025\/03\/1.webp"},{"@type":"BreadcrumbList","@id":"https:\/\/paizer.ca\/fr\/reservation\/#breadcrumb","itemListElement":[{"@type":"ListItem","position":1,"name":"Home","item":"https:\/\/52.203.16.204\/fr\/"},{"@type":"ListItem","position":2,"name":"R\u00e9servation"}]},{"@type":"WebSite","@id":"https:\/\/paizer.ca\/#website","url":"https:\/\/paizer.ca\/","name":"Home | Paizer.ca","description":"No Strings Attached: Your Trusted Canadian Choice for Affordable Payment Processing!","publisher":{"@id":"https:\/\/paizer.ca\/#organization"},"potentialAction":[{"@type":"SearchAction","target":{"@type":"EntryPoint","urlTemplate":"https:\/\/paizer.ca\/?s={search_term_string}"},"query-input":{"@type":"PropertyValueSpecification","valueRequired":true,"valueName":"search_term_string"}}],"inLanguage":"fr-FR"},{"@type":"Organization","@id":"https:\/\/paizer.ca\/#organization","name":"Home | Paizer.ca","url":"https:\/\/paizer.ca\/","logo":{"@type":"ImageObject","inLanguage":"fr-FR","@id":"https:\/\/paizer.ca\/#\/schema\/logo\/image\/","url":"https:\/\/paizer.ca\/wp-content\/uploads\/2025\/03\/paizer-logo-french-1.png","contentUrl":"https:\/\/paizer.ca\/wp-content\/uploads\/2025\/03\/paizer-logo-french-1.png","width":935,"height":723,"caption":"Home | Paizer.ca"},"image":{"@id":"https:\/\/paizer.ca\/#\/schema\/logo\/image\/"}}]}},"_links":{"self":[{"href":"https:\/\/paizer.ca\/fr\/wp-json\/wp\/v2\/pages\/1951","targetHints":{"allow":["GET"]}}],"collection":[{"href":"https:\/\/paizer.ca\/fr\/wp-json\/wp\/v2\/pages"}],"about":[{"href":"https:\/\/paizer.ca\/fr\/wp-json\/wp\/v2\/types\/page"}],"author":[{"embeddable":true,"href":"https:\/\/paizer.ca\/fr\/wp-json\/wp\/v2\/users\/1"}],"replies":[{"embeddable":true,"href":"https:\/\/paizer.ca\/fr\/wp-json\/wp\/v2\/comments?post=1951"}],"version-history":[{"count":9,"href":"https:\/\/paizer.ca\/fr\/wp-json\/wp\/v2\/pages\/1951\/revisions"}],"predecessor-version":[{"id":2060,"href":"https:\/\/paizer.ca\/fr\/wp-json\/wp\/v2\/pages\/1951\/revisions\/2060"}],"wp:attachment":[{"href":"https:\/\/paizer.ca\/fr\/wp-json\/wp\/v2\/media?parent=1951"}],"curies":[{"name":"wp","href":"https:\/\/api.w.org\/{rel}","templated":true}]}}